{"id":16158,"date":"2023-03-10T13:31:08","date_gmt":"2023-03-10T19:31:08","guid":{"rendered":"https:\/\/www.rohrer.com\/?page_id=16158"},"modified":"2023-03-14T22:27:44","modified_gmt":"2023-03-15T03:27:44","slug":"productos","status":"publish","type":"page","link":"https:\/\/www.rohrer.com\/es\/productos\/","title":{"rendered":"Productos"},"content":{"rendered":"\t\t<div data-elementor-type=\"wp-page\" data-elementor-id=\"16158\" class=\"elementor elementor-16158 elementor-15116\" data-elementor-post-type=\"page\">\n\t\t\t\t<div class=\"elementor-element elementor-element-7d748b7 e-flex e-con-boxed e-con e-parent\" data-id=\"7d748b7\" data-element_type=\"container\" data-e-type=\"container\">\n\t\t\t\t\t<div class=\"e-con-inner\">\n\t\t<div class=\"elementor-element elementor-element-cd62d6b e-con-full e-flex e-con e-parent\" data-id=\"cd62d6b\" data-element_type=\"container\" data-e-type=\"container\">\n\t\t\t\t<\/div>\n\t\t<div class=\"elementor-element elementor-element-395f391 e-con-full e-flex e-con e-parent\" data-id=\"395f391\" data-element_type=\"container\" data-e-type=\"container\">\n\t\t\t\t<div class=\"elementor-element elementor-element-20b403a elementor-widget elementor-widget-heading\" data-id=\"20b403a\" data-element_type=\"widget\" data-e-type=\"widget\" data-widget_type=\"heading.default\">\n\t\t\t\t<div class=\"elementor-widget-container\">\n\t\t\t\t\t<h1 class=\"elementor-heading-title elementor-size-default\">Productos<\/h1>\t\t\t\t<\/div>\n\t\t\t\t<\/div>\n\t\t\t\t<\/div>\n\t\t<div class=\"elementor-element elementor-element-bd820d4 e-con-full e-flex e-con e-parent\" data-id=\"bd820d4\" data-element_type=\"container\" data-e-type=\"container\">\n\t\t\t\t<\/div>\n\t\t\t\t\t<\/div>\n\t\t\t\t<\/div>\n\t\t<div class=\"elementor-element elementor-element-9da990f e-flex e-con-boxed e-con e-parent\" data-id=\"9da990f\" data-element_type=\"container\" data-e-type=\"container\">\n\t\t\t\t\t<div class=\"e-con-inner\">\n\t\t<div class=\"elementor-element elementor-element-81ed6a8 e-con-full e-flex e-con e-parent\" data-id=\"81ed6a8\" data-element_type=\"container\" data-e-type=\"container\">\n\t\t\t\t<div class=\"elementor-element elementor-element-22db307 elementor-widget-divider--view-line elementor-widget elementor-widget-divider\" data-id=\"22db307\" data-element_type=\"widget\" data-e-type=\"widget\" data-widget_type=\"divider.default\">\n\t\t\t\t<div class=\"elementor-widget-container\">\n\t\t\t\t\t\t\t<div class=\"elementor-divider\">\n\t\t\t<span class=\"elementor-divider-separator\">\n\t\t\t\t\t\t<\/span>\n\t\t<\/div>\n\t\t\t\t\t\t<\/div>\n\t\t\t\t<\/div>\n\t\t\t\t<\/div>\n\t\t\t\t\t<\/div>\n\t\t\t\t<\/div>\n\t\t<div class=\"elementor-element elementor-element-d2fb5b4 e-flex e-con-boxed e-con e-parent\" data-id=\"d2fb5b4\" data-element_type=\"container\" data-e-type=\"container\">\n\t\t\t\t\t<div class=\"e-con-inner\">\n\t\t\t\t<div class=\"elementor-element elementor-element-144aed0 elementor-widget elementor-widget-text-editor\" data-id=\"144aed0\" data-element_type=\"widget\" data-e-type=\"widget\" data-widget_type=\"text-editor.default\">\n\t\t\t\t<div class=\"elementor-widget-container\">\n\t\t\t\t\t\t\t\t\t<p>Las series exclusivas de Rohrer proveen una amplia gama de opciones en soluciones de empaque especializadas, dise\u00f1adas para maximizar la visibilidad y la protecci\u00f3n de tu producto.<\/p><p>Para menores cantidades de empaque visual ofrecemos un programa impresionante\u00a0<a href=\"https:\/\/www.rohrer.com\/es\/ezcombo\/\">ezCombo\u2122<\/a>. Es una eficiente opci\u00f3n que combina el espacio en la forma y el costo de producci\u00f3n con m\u00faltiples clientes. Ya sea una tarjeta blister (tipo ampolla), insertos, cajas plegables o blisters termoformados y tu solo pagas por el espacio que utilices.<\/p>\t\t\t\t\t\t\t\t<\/div>\n\t\t\t\t<\/div>\n\t\t\t\t\t<\/div>\n\t\t\t\t<\/div>\n\t\t<div class=\"elementor-element elementor-element-7bd1c26 e-flex e-con-boxed e-con e-parent\" data-id=\"7bd1c26\" data-element_type=\"container\" data-e-type=\"container\">\n\t\t\t\t\t<div class=\"e-con-inner\">\n\t\t<div class=\"elementor-element elementor-element-0342885 e-con-full e-flex e-con e-parent\" data-id=\"0342885\" data-element_type=\"container\" data-e-type=\"container\">\n\t\t\t\t<div class=\"elementor-element elementor-element-8f25afd e-transform elementor-widget elementor-widget-image\" data-id=\"8f25afd\" data-element_type=\"widget\" data-e-type=\"widget\" data-settings=\"{&quot;_transform_scale_effect_hover&quot;:{&quot;unit&quot;:&quot;px&quot;,&quot;size&quot;:1.100000000000000088817841970012523233890533447265625,&quot;sizes&quot;:[]},&quot;_transform_scale_effect_hover_tablet&quot;:{&quot;unit&quot;:&quot;px&quot;,&quot;size&quot;:&quot;&quot;,&quot;sizes&quot;:[]},&quot;_transform_scale_effect_hover_mobile&quot;:{&quot;unit&quot;:&quot;px&quot;,&quot;size&quot;:&quot;&quot;,&quot;sizes&quot;:[]}}\" data-widget_type=\"image.default\">\n\t\t\t\t<div class=\"elementor-widget-container\">\n\t\t\t\t\t\t\t\t\t\t\t\t\t\t\t\t<a href=\"\/product\/blister-cards\/\">\n\t\t\t\t\t\t\t<img fetchpriority=\"high\" decoding=\"async\" width=\"300\" height=\"251\" src=\"https:\/\/www.rohrer.com\/wp-content\/uploads\/2023\/03\/EnergizerFoilCard-300x251.webp\" class=\"attachment-medium size-medium wp-image-15130\" alt=\"\" srcset=\"https:\/\/www.rohrer.com\/wp-content\/uploads\/2023\/03\/EnergizerFoilCard-300x251.webp 300w, https:\/\/www.rohrer.com\/wp-content\/uploads\/2023\/03\/EnergizerFoilCard.webp 628w\" sizes=\"(max-width: 300px) 100vw, 300px\" \/>\t\t\t\t\t\t\t\t<\/a>\n\t\t\t\t\t\t\t\t\t\t\t\t\t\t\t<\/div>\n\t\t\t\t<\/div>\n\t\t\t\t<div class=\"elementor-element elementor-element-b41ca69 elementor-widget elementor-widget-heading\" data-id=\"b41ca69\" data-element_type=\"widget\" data-e-type=\"widget\" data-widget_type=\"heading.default\">\n\t\t\t\t<div class=\"elementor-widget-container\">\n\t\t\t\t\t<h2 class=\"elementor-heading-title elementor-size-default\"><a href=\"\/product\/blister-cards\/\">Empaquetado con Tarjetas<\/a><\/h2>\t\t\t\t<\/div>\n\t\t\t\t<\/div>\n\t\t\t\t<\/div>\n\t\t<div class=\"elementor-element elementor-element-08471ee e-con-full e-flex e-con e-parent\" data-id=\"08471ee\" data-element_type=\"container\" data-e-type=\"container\">\n\t\t\t\t<div class=\"elementor-element elementor-element-5d792ba e-transform elementor-widget elementor-widget-image\" data-id=\"5d792ba\" data-element_type=\"widget\" data-e-type=\"widget\" data-settings=\"{&quot;_transform_scale_effect_hover&quot;:{&quot;unit&quot;:&quot;px&quot;,&quot;size&quot;:1.100000000000000088817841970012523233890533447265625,&quot;sizes&quot;:[]},&quot;_transform_scale_effect_hover_tablet&quot;:{&quot;unit&quot;:&quot;px&quot;,&quot;size&quot;:&quot;&quot;,&quot;sizes&quot;:[]},&quot;_transform_scale_effect_hover_mobile&quot;:{&quot;unit&quot;:&quot;px&quot;,&quot;size&quot;:&quot;&quot;,&quot;sizes&quot;:[]}}\" data-widget_type=\"image.default\">\n\t\t\t\t<div class=\"elementor-widget-container\">\n\t\t\t\t\t\t\t\t\t\t\t\t\t\t\t\t<a href=\"\/product\/blister-packaging\/\">\n\t\t\t\t\t\t\t<img decoding=\"async\" width=\"300\" height=\"300\" src=\"https:\/\/www.rohrer.com\/wp-content\/uploads\/2023\/03\/PilotPenColdFoil-e1493734325728-300x300.webp\" class=\"attachment-medium size-medium wp-image-15128\" alt=\"\" srcset=\"https:\/\/www.rohrer.com\/wp-content\/uploads\/2023\/03\/PilotPenColdFoil-e1493734325728-300x300.webp 300w, https:\/\/www.rohrer.com\/wp-content\/uploads\/2023\/03\/PilotPenColdFoil-e1493734325728-150x150.webp 150w, https:\/\/www.rohrer.com\/wp-content\/uploads\/2023\/03\/PilotPenColdFoil-e1493734325728.webp 366w\" sizes=\"(max-width: 300px) 100vw, 300px\" \/>\t\t\t\t\t\t\t\t<\/a>\n\t\t\t\t\t\t\t\t\t\t\t\t\t\t\t<\/div>\n\t\t\t\t<\/div>\n\t\t\t\t<div class=\"elementor-element elementor-element-2b289d4 elementor-widget elementor-widget-heading\" data-id=\"2b289d4\" data-element_type=\"widget\" data-e-type=\"widget\" data-widget_type=\"heading.default\">\n\t\t\t\t<div class=\"elementor-widget-container\">\n\t\t\t\t\t<h2 class=\"elementor-heading-title elementor-size-default\"><a href=\"\/product\/blister-packaging\/\">Blister<\/a><\/h2>\t\t\t\t<\/div>\n\t\t\t\t<\/div>\n\t\t\t\t<\/div>\n\t\t<div class=\"elementor-element elementor-element-22b50c5 e-con-full e-flex e-con e-parent\" data-id=\"22b50c5\" data-element_type=\"container\" data-e-type=\"container\">\n\t\t\t\t<div class=\"elementor-element elementor-element-7ed0e68 e-transform elementor-widget elementor-widget-image\" data-id=\"7ed0e68\" data-element_type=\"widget\" data-e-type=\"widget\" data-settings=\"{&quot;_transform_scale_effect_hover&quot;:{&quot;unit&quot;:&quot;px&quot;,&quot;size&quot;:1.100000000000000088817841970012523233890533447265625,&quot;sizes&quot;:[]},&quot;_transform_scale_effect_hover_tablet&quot;:{&quot;unit&quot;:&quot;px&quot;,&quot;size&quot;:&quot;&quot;,&quot;sizes&quot;:[]},&quot;_transform_scale_effect_hover_mobile&quot;:{&quot;unit&quot;:&quot;px&quot;,&quot;size&quot;:&quot;&quot;,&quot;sizes&quot;:[]}}\" data-widget_type=\"image.default\">\n\t\t\t\t<div class=\"elementor-widget-container\">\n\t\t\t\t\t\t\t\t\t\t\t\t\t\t\t\t<a href=\"\/product\/clamshell-packaging\/\">\n\t\t\t\t\t\t\t<img decoding=\"async\" width=\"244\" height=\"300\" src=\"https:\/\/www.rohrer.com\/wp-content\/uploads\/2023\/03\/Clamshell-4-309x380-1-244x300.webp\" class=\"attachment-medium size-medium wp-image-15126\" alt=\"\" srcset=\"https:\/\/www.rohrer.com\/wp-content\/uploads\/2023\/03\/Clamshell-4-309x380-1-244x300.webp 244w, https:\/\/www.rohrer.com\/wp-content\/uploads\/2023\/03\/Clamshell-4-309x380-1.webp 309w\" sizes=\"(max-width: 244px) 100vw, 244px\" \/>\t\t\t\t\t\t\t\t<\/a>\n\t\t\t\t\t\t\t\t\t\t\t\t\t\t\t<\/div>\n\t\t\t\t<\/div>\n\t\t\t\t<div class=\"elementor-element elementor-element-3f16553 elementor-widget elementor-widget-heading\" data-id=\"3f16553\" data-element_type=\"widget\" data-e-type=\"widget\" data-widget_type=\"heading.default\">\n\t\t\t\t<div class=\"elementor-widget-container\">\n\t\t\t\t\t<h2 class=\"elementor-heading-title elementor-size-default\"><a href=\"\/product\/clamshell-packaging\/\">Clamshell<\/a><\/h2>\t\t\t\t<\/div>\n\t\t\t\t<\/div>\n\t\t\t\t<\/div>\n\t\t<div class=\"elementor-element elementor-element-9f87e16 e-con-full e-flex e-con e-parent\" data-id=\"9f87e16\" data-element_type=\"container\" data-e-type=\"container\">\n\t\t\t\t<div class=\"elementor-element elementor-element-4385fe4 e-transform elementor-widget elementor-widget-image\" data-id=\"4385fe4\" data-element_type=\"widget\" data-e-type=\"widget\" data-settings=\"{&quot;_transform_scale_effect_hover&quot;:{&quot;unit&quot;:&quot;px&quot;,&quot;size&quot;:1.100000000000000088817841970012523233890533447265625,&quot;sizes&quot;:[]},&quot;_transform_scale_effect_hover_tablet&quot;:{&quot;unit&quot;:&quot;px&quot;,&quot;size&quot;:&quot;&quot;,&quot;sizes&quot;:[]},&quot;_transform_scale_effect_hover_mobile&quot;:{&quot;unit&quot;:&quot;px&quot;,&quot;size&quot;:&quot;&quot;,&quot;sizes&quot;:[]}}\" data-widget_type=\"image.default\">\n\t\t\t\t<div class=\"elementor-widget-container\">\n\t\t\t\t\t\t\t\t\t\t\t\t\t\t\t\t<a href=\"\/product\/folding-cartons\/\">\n\t\t\t\t\t\t\t<img loading=\"lazy\" decoding=\"async\" width=\"768\" height=\"561\" src=\"https:\/\/www.rohrer.com\/wp-content\/uploads\/2023\/03\/ge-soft-white-bulbs-768x561-1.webp\" class=\"attachment-large size-large wp-image-15124\" alt=\"\" srcset=\"https:\/\/www.rohrer.com\/wp-content\/uploads\/2023\/03\/ge-soft-white-bulbs-768x561-1.webp 768w, https:\/\/www.rohrer.com\/wp-content\/uploads\/2023\/03\/ge-soft-white-bulbs-768x561-1-300x219.webp 300w\" sizes=\"(max-width: 768px) 100vw, 768px\" \/>\t\t\t\t\t\t\t\t<\/a>\n\t\t\t\t\t\t\t\t\t\t\t\t\t\t\t<\/div>\n\t\t\t\t<\/div>\n\t\t\t\t<div class=\"elementor-element elementor-element-eeccee6 elementor-widget elementor-widget-heading\" data-id=\"eeccee6\" data-element_type=\"widget\" data-e-type=\"widget\" data-widget_type=\"heading.default\">\n\t\t\t\t<div class=\"elementor-widget-container\">\n\t\t\t\t\t<h2 class=\"elementor-heading-title elementor-size-default\"><a href=\"\/product\/folding-cartons\/\">Cajas Plegables y Fundas<\/a><\/h2>\t\t\t\t<\/div>\n\t\t\t\t<\/div>\n\t\t\t\t<\/div>\n\t\t<div class=\"elementor-element elementor-element-6c3cd7a e-con-full e-flex e-con e-parent\" data-id=\"6c3cd7a\" data-element_type=\"container\" data-e-type=\"container\">\n\t\t\t\t<div class=\"elementor-element elementor-element-1647438 e-transform elementor-widget elementor-widget-image\" data-id=\"1647438\" data-element_type=\"widget\" data-e-type=\"widget\" data-settings=\"{&quot;_transform_scale_effect_hover&quot;:{&quot;unit&quot;:&quot;px&quot;,&quot;size&quot;:1.100000000000000088817841970012523233890533447265625,&quot;sizes&quot;:[]},&quot;_transform_scale_effect_hover_tablet&quot;:{&quot;unit&quot;:&quot;px&quot;,&quot;size&quot;:&quot;&quot;,&quot;sizes&quot;:[]},&quot;_transform_scale_effect_hover_mobile&quot;:{&quot;unit&quot;:&quot;px&quot;,&quot;size&quot;:&quot;&quot;,&quot;sizes&quot;:[]}}\" data-widget_type=\"image.default\">\n\t\t\t\t<div class=\"elementor-widget-container\">\n\t\t\t\t\t\t\t\t\t\t\t\t\t\t\t\t<a href=\"\/product\/displays\/\">\n\t\t\t\t\t\t\t<img loading=\"lazy\" decoding=\"async\" width=\"294\" height=\"300\" src=\"https:\/\/www.rohrer.com\/wp-content\/uploads\/2023\/03\/FebreezeCarClip_Tray-372x380-1-294x300.webp\" class=\"attachment-medium size-medium wp-image-15122\" alt=\"\" srcset=\"https:\/\/www.rohrer.com\/wp-content\/uploads\/2023\/03\/FebreezeCarClip_Tray-372x380-1-294x300.webp 294w, https:\/\/www.rohrer.com\/wp-content\/uploads\/2023\/03\/FebreezeCarClip_Tray-372x380-1.webp 372w\" sizes=\"(max-width: 294px) 100vw, 294px\" \/>\t\t\t\t\t\t\t\t<\/a>\n\t\t\t\t\t\t\t\t\t\t\t\t\t\t\t<\/div>\n\t\t\t\t<\/div>\n\t\t\t\t<div class=\"elementor-element elementor-element-98ee0cc elementor-widget elementor-widget-heading\" data-id=\"98ee0cc\" data-element_type=\"widget\" data-e-type=\"widget\" data-widget_type=\"heading.default\">\n\t\t\t\t<div class=\"elementor-widget-container\">\n\t\t\t\t\t<h2 class=\"elementor-heading-title elementor-size-default\"><a href=\"\/product\/displays\/\">Muestras<\/a><\/h2>\t\t\t\t<\/div>\n\t\t\t\t<\/div>\n\t\t\t\t<\/div>\n\t\t<div class=\"elementor-element elementor-element-8312d4e e-con-full e-flex e-con e-parent\" data-id=\"8312d4e\" data-element_type=\"container\" data-e-type=\"container\">\n\t\t\t\t<div class=\"elementor-element elementor-element-8b5773b e-transform elementor-widget elementor-widget-image\" data-id=\"8b5773b\" data-element_type=\"widget\" data-e-type=\"widget\" data-settings=\"{&quot;_transform_scale_effect_hover&quot;:{&quot;unit&quot;:&quot;px&quot;,&quot;size&quot;:1.100000000000000088817841970012523233890533447265625,&quot;sizes&quot;:[]},&quot;_transform_scale_effect_hover_tablet&quot;:{&quot;unit&quot;:&quot;px&quot;,&quot;size&quot;:&quot;&quot;,&quot;sizes&quot;:[]},&quot;_transform_scale_effect_hover_mobile&quot;:{&quot;unit&quot;:&quot;px&quot;,&quot;size&quot;:&quot;&quot;,&quot;sizes&quot;:[]}}\" data-widget_type=\"image.default\">\n\t\t\t\t<div class=\"elementor-widget-container\">\n\t\t\t\t\t\t\t\t\t\t\t\t\t\t\t\t<a href=\"\/product\/trays-and-lids\/\">\n\t\t\t\t\t\t\t<img loading=\"lazy\" decoding=\"async\" width=\"300\" height=\"300\" src=\"https:\/\/www.rohrer.com\/wp-content\/uploads\/2023\/03\/Tray-and-Round-Collage-300x300.webp\" class=\"attachment-medium size-medium wp-image-15120\" alt=\"\" srcset=\"https:\/\/www.rohrer.com\/wp-content\/uploads\/2023\/03\/Tray-and-Round-Collage-300x300.webp 300w, https:\/\/www.rohrer.com\/wp-content\/uploads\/2023\/03\/Tray-and-Round-Collage-150x150.webp 150w, https:\/\/www.rohrer.com\/wp-content\/uploads\/2023\/03\/Tray-and-Round-Collage.webp 500w\" sizes=\"(max-width: 300px) 100vw, 300px\" \/>\t\t\t\t\t\t\t\t<\/a>\n\t\t\t\t\t\t\t\t\t\t\t\t\t\t\t<\/div>\n\t\t\t\t<\/div>\n\t\t\t\t<div class=\"elementor-element elementor-element-4a10477 elementor-widget elementor-widget-heading\" data-id=\"4a10477\" data-element_type=\"widget\" data-e-type=\"widget\" data-widget_type=\"heading.default\">\n\t\t\t\t<div class=\"elementor-widget-container\">\n\t\t\t\t\t<h2 class=\"elementor-heading-title elementor-size-default\"><a href=\"\/product\/trays-and-lids\/\">Canastas, Tapaderas &amp; Redondas<\/a><\/h2>\t\t\t\t<\/div>\n\t\t\t\t<\/div>\n\t\t\t\t<\/div>\n\t\t\t\t\t<\/div>\n\t\t\t\t<\/div>\n\t\t<div class=\"elementor-element elementor-element-b6b5edc e-flex e-con-boxed e-con e-parent\" data-id=\"b6b5edc\" data-element_type=\"container\" data-e-type=\"container\">\n\t\t\t\t\t<div class=\"e-con-inner\">\n\t\t<div class=\"elementor-element elementor-element-1c9c1fd e-con-full e-flex e-con e-parent\" data-id=\"1c9c1fd\" data-element_type=\"container\" data-e-type=\"container\">\n\t\t\t\t<div class=\"elementor-element elementor-element-573d47f elementor-align-center elementor-widget elementor-widget-button\" data-id=\"573d47f\" data-element_type=\"widget\" data-e-type=\"widget\" data-widget_type=\"button.default\">\n\t\t\t\t<div class=\"elementor-widget-container\">\n\t\t\t\t\t\t\t\t\t<div class=\"elementor-button-wrapper\">\n\t\t\t\t\t<a class=\"elementor-button elementor-button-link elementor-size-sm\" href=\"\/contact-us\/\">\n\t\t\t\t\t\t<span class=\"elementor-button-content-wrapper\">\n\t\t\t\t\t\t\t\t\t<span class=\"elementor-button-text\">Contact Us<\/span>\n\t\t\t\t\t<\/span>\n\t\t\t\t\t<\/a>\n\t\t\t\t<\/div>\n\t\t\t\t\t\t\t\t<\/div>\n\t\t\t\t<\/div>\n\t\t\t\t<\/div>\n\t\t\t\t\t<\/div>\n\t\t\t\t<\/div>\n\t\t\t\t<\/div>\n\t\t","protected":false},"excerpt":{"rendered":"<p>Productos Las series exclusivas de Rohrer proveen una amplia gama de opciones en soluciones de empaque especializadas, dise\u00f1adas para maximizar la visibilidad y la protecci\u00f3n de tu producto. Para menores cantidades de empaque visual ofrecemos un programa impresionante\u00a0ezCombo\u2122. Es una eficiente opci\u00f3n que combina el espacio en la forma y el costo de producci\u00f3n con [&hellip;]<\/p>\n","protected":false},"author":1,"featured_media":0,"parent":0,"menu_order":0,"comment_status":"closed","ping_status":"closed","template":"","meta":{"footnotes":""},"class_list":["post-16158","page","type-page","status-publish","hentry"],"yoast_head":"<!-- This site is optimized with the Yoast SEO Premium plugin v26.9 (Yoast SEO v27.2) - https:\/\/yoast.com\/product\/yoast-seo-premium-wordpress\/ -->\n<title>Productos - Rohrer<\/title>\n<meta name=\"robots\" content=\"index, follow, max-snippet:-1, max-image-preview:large, max-video-preview:-1\" \/>\n<link rel=\"canonical\" href=\"https:\/\/www.rohrer.com\/es\/productos\/\" \/>\n<meta property=\"og:locale\" content=\"es_ES\" \/>\n<meta property=\"og:type\" content=\"article\" \/>\n<meta property=\"og:title\" content=\"Productos\" \/>\n<meta property=\"og:description\" content=\"Productos Las series exclusivas de Rohrer proveen una amplia gama de opciones en soluciones de empaque especializadas, dise\u00f1adas para maximizar la visibilidad y la protecci\u00f3n de tu producto. Para menores cantidades de empaque visual ofrecemos un programa impresionante\u00a0ezCombo\u2122. Es una eficiente opci\u00f3n que combina el espacio en la forma y el costo de producci\u00f3n con [&hellip;]\" \/>\n<meta property=\"og:url\" content=\"https:\/\/www.rohrer.com\/es\/productos\/\" \/>\n<meta property=\"og:site_name\" content=\"Rohrer\" \/>\n<meta property=\"article:publisher\" content=\"https:\/\/www.facebook.com\/RohrerPackage\/\" \/>\n<meta property=\"article:modified_time\" content=\"2023-03-15T03:27:44+00:00\" \/>\n<meta property=\"og:image\" content=\"https:\/\/www.rohrer.com\/wp-content\/uploads\/2023\/03\/EnergizerFoilCard-300x251.webp\" \/>\n<meta name=\"twitter:card\" content=\"summary_large_image\" \/>\n<meta name=\"twitter:site\" content=\"@RohrerPackaging\" \/>\n<meta name=\"twitter:label1\" content=\"Tiempo de lectura\" \/>\n\t<meta name=\"twitter:data1\" content=\"2 minutos\" \/>\n<script type=\"application\/ld+json\" class=\"yoast-schema-graph\">{\"@context\":\"https:\/\/schema.org\",\"@graph\":[{\"@type\":\"WebPage\",\"@id\":\"https:\/\/www.rohrer.com\/es\/productos\/\",\"url\":\"https:\/\/www.rohrer.com\/es\/productos\/\",\"name\":\"Productos - Rohrer\",\"isPartOf\":{\"@id\":\"https:\/\/www.rohrer.com\/es\/#website\"},\"primaryImageOfPage\":{\"@id\":\"https:\/\/www.rohrer.com\/es\/productos\/#primaryimage\"},\"image\":{\"@id\":\"https:\/\/www.rohrer.com\/es\/productos\/#primaryimage\"},\"thumbnailUrl\":\"https:\/\/www.rohrer.com\/wp-content\/uploads\/2023\/03\/EnergizerFoilCard-300x251.webp\",\"datePublished\":\"2023-03-10T19:31:08+00:00\",\"dateModified\":\"2023-03-15T03:27:44+00:00\",\"breadcrumb\":{\"@id\":\"https:\/\/www.rohrer.com\/es\/productos\/#breadcrumb\"},\"inLanguage\":\"es\",\"potentialAction\":[{\"@type\":\"ReadAction\",\"target\":[\"https:\/\/www.rohrer.com\/es\/productos\/\"]}]},{\"@type\":\"ImageObject\",\"inLanguage\":\"es\",\"@id\":\"https:\/\/www.rohrer.com\/es\/productos\/#primaryimage\",\"url\":\"https:\/\/www.rohrer.com\/wp-content\/uploads\/2023\/03\/EnergizerFoilCard-300x251.webp\",\"contentUrl\":\"https:\/\/www.rohrer.com\/wp-content\/uploads\/2023\/03\/EnergizerFoilCard-300x251.webp\"},{\"@type\":\"BreadcrumbList\",\"@id\":\"https:\/\/www.rohrer.com\/es\/productos\/#breadcrumb\",\"itemListElement\":[{\"@type\":\"ListItem\",\"position\":1,\"name\":\"Home\",\"item\":\"https:\/\/www.rohrer.com\/es\/\"},{\"@type\":\"ListItem\",\"position\":2,\"name\":\"Productos\"}]},{\"@type\":\"WebSite\",\"@id\":\"https:\/\/www.rohrer.com\/es\/#website\",\"url\":\"https:\/\/www.rohrer.com\/es\/\",\"name\":\"Rohrer Corporation\",\"description\":\"Rohrer believes true partners make the perfect package\",\"publisher\":{\"@id\":\"https:\/\/www.rohrer.com\/es\/#organization\"},\"alternateName\":\"Rohrer\",\"potentialAction\":[{\"@type\":\"SearchAction\",\"target\":{\"@type\":\"EntryPoint\",\"urlTemplate\":\"https:\/\/www.rohrer.com\/es\/?s={search_term_string}\"},\"query-input\":{\"@type\":\"PropertyValueSpecification\",\"valueRequired\":true,\"valueName\":\"search_term_string\"}}],\"inLanguage\":\"es\"},{\"@type\":\"Organization\",\"@id\":\"https:\/\/www.rohrer.com\/es\/#organization\",\"name\":\"Rohrer Corporation\",\"url\":\"https:\/\/www.rohrer.com\/es\/\",\"logo\":{\"@type\":\"ImageObject\",\"inLanguage\":\"es\",\"@id\":\"https:\/\/www.rohrer.com\/es\/#\/schema\/logo\/image\/\",\"url\":\"https:\/\/www.rohrer.com\/wp-content\/uploads\/2023\/03\/cropped-Brand-Mark-2017-Rohrer-Fade-184x31-1.webp\",\"contentUrl\":\"https:\/\/www.rohrer.com\/wp-content\/uploads\/2023\/03\/cropped-Brand-Mark-2017-Rohrer-Fade-184x31-1.webp\",\"width\":184,\"height\":31,\"caption\":\"Rohrer Corporation\"},\"image\":{\"@id\":\"https:\/\/www.rohrer.com\/es\/#\/schema\/logo\/image\/\"},\"sameAs\":[\"https:\/\/www.facebook.com\/RohrerPackage\/\",\"https:\/\/x.com\/RohrerPackaging\"]}]}<\/script>\n<!-- \/ Yoast SEO Premium plugin. -->","yoast_head_json":{"title":"Productos - Rohrer","robots":{"index":"index","follow":"follow","max-snippet":"max-snippet:-1","max-image-preview":"max-image-preview:large","max-video-preview":"max-video-preview:-1"},"canonical":"https:\/\/www.rohrer.com\/es\/productos\/","og_locale":"es_ES","og_type":"article","og_title":"Productos","og_description":"Productos Las series exclusivas de Rohrer proveen una amplia gama de opciones en soluciones de empaque especializadas, dise\u00f1adas para maximizar la visibilidad y la protecci\u00f3n de tu producto. Para menores cantidades de empaque visual ofrecemos un programa impresionante\u00a0ezCombo\u2122. Es una eficiente opci\u00f3n que combina el espacio en la forma y el costo de producci\u00f3n con [&hellip;]","og_url":"https:\/\/www.rohrer.com\/es\/productos\/","og_site_name":"Rohrer","article_publisher":"https:\/\/www.facebook.com\/RohrerPackage\/","article_modified_time":"2023-03-15T03:27:44+00:00","og_image":[{"url":"https:\/\/www.rohrer.com\/wp-content\/uploads\/2023\/03\/EnergizerFoilCard-300x251.webp","type":"","width":"","height":""}],"twitter_card":"summary_large_image","twitter_site":"@RohrerPackaging","twitter_misc":{"Tiempo de lectura":"2 minutos"},"schema":{"@context":"https:\/\/schema.org","@graph":[{"@type":"WebPage","@id":"https:\/\/www.rohrer.com\/es\/productos\/","url":"https:\/\/www.rohrer.com\/es\/productos\/","name":"Productos - Rohrer","isPartOf":{"@id":"https:\/\/www.rohrer.com\/es\/#website"},"primaryImageOfPage":{"@id":"https:\/\/www.rohrer.com\/es\/productos\/#primaryimage"},"image":{"@id":"https:\/\/www.rohrer.com\/es\/productos\/#primaryimage"},"thumbnailUrl":"https:\/\/www.rohrer.com\/wp-content\/uploads\/2023\/03\/EnergizerFoilCard-300x251.webp","datePublished":"2023-03-10T19:31:08+00:00","dateModified":"2023-03-15T03:27:44+00:00","breadcrumb":{"@id":"https:\/\/www.rohrer.com\/es\/productos\/#breadcrumb"},"inLanguage":"es","potentialAction":[{"@type":"ReadAction","target":["https:\/\/www.rohrer.com\/es\/productos\/"]}]},{"@type":"ImageObject","inLanguage":"es","@id":"https:\/\/www.rohrer.com\/es\/productos\/#primaryimage","url":"https:\/\/www.rohrer.com\/wp-content\/uploads\/2023\/03\/EnergizerFoilCard-300x251.webp","contentUrl":"https:\/\/www.rohrer.com\/wp-content\/uploads\/2023\/03\/EnergizerFoilCard-300x251.webp"},{"@type":"BreadcrumbList","@id":"https:\/\/www.rohrer.com\/es\/productos\/#breadcrumb","itemListElement":[{"@type":"ListItem","position":1,"name":"Home","item":"https:\/\/www.rohrer.com\/es\/"},{"@type":"ListItem","position":2,"name":"Productos"}]},{"@type":"WebSite","@id":"https:\/\/www.rohrer.com\/es\/#website","url":"https:\/\/www.rohrer.com\/es\/","name":"Rohrer Corporation","description":"Rohrer believes true partners make the perfect package","publisher":{"@id":"https:\/\/www.rohrer.com\/es\/#organization"},"alternateName":"Rohrer","potentialAction":[{"@type":"SearchAction","target":{"@type":"EntryPoint","urlTemplate":"https:\/\/www.rohrer.com\/es\/?s={search_term_string}"},"query-input":{"@type":"PropertyValueSpecification","valueRequired":true,"valueName":"search_term_string"}}],"inLanguage":"es"},{"@type":"Organization","@id":"https:\/\/www.rohrer.com\/es\/#organization","name":"Rohrer Corporation","url":"https:\/\/www.rohrer.com\/es\/","logo":{"@type":"ImageObject","inLanguage":"es","@id":"https:\/\/www.rohrer.com\/es\/#\/schema\/logo\/image\/","url":"https:\/\/www.rohrer.com\/wp-content\/uploads\/2023\/03\/cropped-Brand-Mark-2017-Rohrer-Fade-184x31-1.webp","contentUrl":"https:\/\/www.rohrer.com\/wp-content\/uploads\/2023\/03\/cropped-Brand-Mark-2017-Rohrer-Fade-184x31-1.webp","width":184,"height":31,"caption":"Rohrer Corporation"},"image":{"@id":"https:\/\/www.rohrer.com\/es\/#\/schema\/logo\/image\/"},"sameAs":["https:\/\/www.facebook.com\/RohrerPackage\/","https:\/\/x.com\/RohrerPackaging"]}]}},"_links":{"self":[{"href":"https:\/\/www.rohrer.com\/es\/wp-json\/wp\/v2\/pages\/16158","targetHints":{"allow":["GET"]}}],"collection":[{"href":"https:\/\/www.rohrer.com\/es\/wp-json\/wp\/v2\/pages"}],"about":[{"href":"https:\/\/www.rohrer.com\/es\/wp-json\/wp\/v2\/types\/page"}],"author":[{"embeddable":true,"href":"https:\/\/www.rohrer.com\/es\/wp-json\/wp\/v2\/users\/1"}],"replies":[{"embeddable":true,"href":"https:\/\/www.rohrer.com\/es\/wp-json\/wp\/v2\/comments?post=16158"}],"version-history":[{"count":5,"href":"https:\/\/www.rohrer.com\/es\/wp-json\/wp\/v2\/pages\/16158\/revisions"}],"predecessor-version":[{"id":16163,"href":"https:\/\/www.rohrer.com\/es\/wp-json\/wp\/v2\/pages\/16158\/revisions\/16163"}],"wp:attachment":[{"href":"https:\/\/www.rohrer.com\/es\/wp-json\/wp\/v2\/media?parent=16158"}],"curies":[{"name":"wp","href":"https:\/\/api.w.org\/{rel}","templated":true}]}}