{"id":16646,"date":"2023-03-10T15:43:41","date_gmt":"2023-03-10T21:43:41","guid":{"rendered":"https:\/\/www.rohrer.com\/?page_id=16646"},"modified":"2023-03-23T14:31:07","modified_gmt":"2023-03-23T19:31:07","slug":"impresion-y-decorado","status":"publish","type":"page","link":"https:\/\/www.rohrer.com\/es\/soluciones\/impresion-y-decorado\/","title":{"rendered":"Impresi\u00f3n y Decorado"},"content":{"rendered":"\t\t<div data-elementor-type=\"wp-page\" data-elementor-id=\"16646\" class=\"elementor elementor-16646 elementor-15175\" data-elementor-post-type=\"page\">\n\t\t\t\t<div class=\"elementor-element elementor-element-9e3dc5b e-flex e-con-boxed e-con e-parent\" data-id=\"9e3dc5b\" data-element_type=\"container\" data-e-type=\"container\">\n\t\t\t\t\t<div class=\"e-con-inner\">\n\t\t<div class=\"elementor-element elementor-element-ab230c3 e-con-full e-flex e-con e-parent\" data-id=\"ab230c3\" data-element_type=\"container\" data-e-type=\"container\">\n\t\t\t\t<\/div>\n\t\t<div class=\"elementor-element elementor-element-60695aa e-con-full e-flex e-con e-parent\" data-id=\"60695aa\" data-element_type=\"container\" data-e-type=\"container\">\n\t\t\t\t<div class=\"elementor-element elementor-element-26b5d5d elementor-widget elementor-widget-heading\" data-id=\"26b5d5d\" data-element_type=\"widget\" data-e-type=\"widget\" data-widget_type=\"heading.default\">\n\t\t\t\t<div class=\"elementor-widget-container\">\n\t\t\t\t\t<h1 class=\"elementor-heading-title elementor-size-default\">Impresi\u00f3n y Decorado<\/h1>\t\t\t\t<\/div>\n\t\t\t\t<\/div>\n\t\t\t\t<\/div>\n\t\t<div class=\"elementor-element elementor-element-755ffc6 e-con-full e-flex e-con e-parent\" data-id=\"755ffc6\" data-element_type=\"container\" data-e-type=\"container\">\n\t\t\t\t<\/div>\n\t\t\t\t\t<\/div>\n\t\t\t\t<\/div>\n\t\t<div class=\"elementor-element elementor-element-38d5184 e-flex e-con-boxed e-con e-parent\" data-id=\"38d5184\" data-element_type=\"container\" data-e-type=\"container\">\n\t\t\t\t\t<div class=\"e-con-inner\">\n\t\t<div class=\"elementor-element elementor-element-a2ab83e e-con-full e-flex e-con e-parent\" data-id=\"a2ab83e\" data-element_type=\"container\" data-e-type=\"container\">\n\t\t\t\t<div class=\"elementor-element elementor-element-55d0919 elementor-widget-divider--view-line elementor-widget elementor-widget-divider\" data-id=\"55d0919\" data-element_type=\"widget\" data-e-type=\"widget\" data-widget_type=\"divider.default\">\n\t\t\t\t<div class=\"elementor-widget-container\">\n\t\t\t\t\t\t\t<div class=\"elementor-divider\">\n\t\t\t<span class=\"elementor-divider-separator\">\n\t\t\t\t\t\t<\/span>\n\t\t<\/div>\n\t\t\t\t\t\t<\/div>\n\t\t\t\t<\/div>\n\t\t\t\t<\/div>\n\t\t\t\t\t<\/div>\n\t\t\t\t<\/div>\n\t\t<div class=\"elementor-element elementor-element-0410b4f e-flex e-con-boxed e-con e-parent\" data-id=\"0410b4f\" data-element_type=\"container\" data-e-type=\"container\">\n\t\t\t\t\t<div class=\"e-con-inner\">\n\t\t<div class=\"elementor-element elementor-element-36f3a35 e-con-full e-flex e-con e-parent\" data-id=\"36f3a35\" data-element_type=\"container\" data-e-type=\"container\">\n\t\t\t\t<div class=\"elementor-element elementor-element-67c710a elementor-widget elementor-widget-heading\" data-id=\"67c710a\" data-element_type=\"widget\" data-e-type=\"widget\" data-widget_type=\"heading.default\">\n\t\t\t\t<div class=\"elementor-widget-container\">\n\t\t\t\t\t<h3 class=\"elementor-heading-title elementor-size-default\">Impresi\u00f3n<\/h3>\t\t\t\t<\/div>\n\t\t\t\t<\/div>\n\t\t\t\t<div class=\"elementor-element elementor-element-3f8db0d elementor-widget elementor-widget-text-editor\" data-id=\"3f8db0d\" data-element_type=\"widget\" data-e-type=\"widget\" data-widget_type=\"text-editor.default\">\n\t\t\t\t<div class=\"elementor-widget-container\">\n\t\t\t\t\t\t\t\t\t<p>Es m\u00e1s que s\u00f3lo tinta y papel. Es una representaci\u00f3n visual de tu marca. Nadie crea la imagen de tu marca, ese \u201clook\u201d, mejor que la corporaci\u00f3n Rohrer, la mejor compa\u00f1\u00eda de termo formado en la industria. 11 prensas de impresi\u00f3n con 75 unidades para impresi\u00f3n\/revestimiento le proveen la m\u00e1s alta calidad de reproducci\u00f3n de la industria.<\/p><p>Una plancha de suspensi\u00f3n automatizada ahorra tiempo hacer-listo mientras asegura mejor registro de colores con precisi\u00f3n. El color es controlado durante todo el proceso de prensado mientras que las hojas de prensado son analizadas y las densidades de tinta son autom\u00e1ticamente comparadas al est\u00e1ndar digital preseleccionado. Cualquier desajuste del color es autom\u00e1ticamente regulado ajust\u00e1ndose de nuevo al est\u00e1ndar antes de que salgan del rango de tolerancia.<\/p><p>Este sistema de control integral de color en Rohrer le da consistencia a todas los formas de combos disponibles.<\/p>\t\t\t\t\t\t\t\t<\/div>\n\t\t\t\t<\/div>\n\t\t\t\t<\/div>\n\t\t<div class=\"elementor-element elementor-element-25a4d8f e-con-full e-flex e-con e-parent\" data-id=\"25a4d8f\" data-element_type=\"container\" data-e-type=\"container\">\n\t\t\t\t<div class=\"elementor-element elementor-element-e4a80ff elementor-widget elementor-widget-image\" data-id=\"e4a80ff\" data-element_type=\"widget\" data-e-type=\"widget\" data-widget_type=\"image.default\">\n\t\t\t\t<div class=\"elementor-widget-container\">\n\t\t\t\t\t\t\t\t\t\t\t\t\t\t\t<img fetchpriority=\"high\" decoding=\"async\" width=\"768\" height=\"514\" src=\"https:\/\/www.rohrer.com\/wp-content\/uploads\/2023\/03\/DSF1491-v2-768x514-1.webp\" class=\"attachment-large size-large wp-image-16697\" alt=\"\" srcset=\"https:\/\/www.rohrer.com\/wp-content\/uploads\/2023\/03\/DSF1491-v2-768x514-1.webp 768w, https:\/\/www.rohrer.com\/wp-content\/uploads\/2023\/03\/DSF1491-v2-768x514-1-300x201.webp 300w\" sizes=\"(max-width: 768px) 100vw, 768px\" \/>\t\t\t\t\t\t\t\t\t\t\t\t\t\t\t<\/div>\n\t\t\t\t<\/div>\n\t\t\t\t<\/div>\n\t\t\t\t\t<\/div>\n\t\t\t\t<\/div>\n\t\t<div class=\"elementor-element elementor-element-1f1aa8b e-flex e-con-boxed e-con e-parent\" data-id=\"1f1aa8b\" data-element_type=\"container\" data-e-type=\"container\">\n\t\t\t\t\t<div class=\"e-con-inner\">\n\t\t<div class=\"elementor-element elementor-element-016a889 e-con-full e-flex e-con e-parent\" data-id=\"016a889\" data-element_type=\"container\" data-e-type=\"container\">\n\t\t\t\t<div class=\"elementor-element elementor-element-0aafec2 elementor-widget elementor-widget-text-editor\" data-id=\"0aafec2\" data-element_type=\"widget\" data-e-type=\"widget\" data-widget_type=\"text-editor.default\">\n\t\t\t\t<div class=\"elementor-widget-container\">\n\t\t\t\t\t\t\t\t\t<p>As\u00ed como en todos los sistemas estos son solo tan buenos como las personas que los implementan, as\u00ed que tu querr\u00e1s a las mejores personas, el mejor equipo. En Rohrer nuestros expertos en prensado cuentan con la experiencia y capacidad para lograr la<br \/>excelencia en empaque para el consumidor. Esta excelencia se manifiesta en la belleza de tu mar representada en un empaque que sobresale de los estantes de venta, asegura r\u00e1pidamente una venta y te dirige hacia tus ganancias.<\/p>\t\t\t\t\t\t\t\t<\/div>\n\t\t\t\t<\/div>\n\t\t\t\t<\/div>\n\t\t\t\t\t<\/div>\n\t\t\t\t<\/div>\n\t\t<div class=\"elementor-element elementor-element-2674881 e-flex e-con-boxed e-con e-parent\" data-id=\"2674881\" data-element_type=\"container\" data-e-type=\"container\">\n\t\t\t\t\t<div class=\"e-con-inner\">\n\t\t<div class=\"elementor-element elementor-element-df89aa3 e-con-full e-flex e-con e-parent\" data-id=\"df89aa3\" data-element_type=\"container\" data-e-type=\"container\">\n\t\t\t\t<div class=\"elementor-element elementor-element-0588353 elementor-widget elementor-widget-heading\" data-id=\"0588353\" data-element_type=\"widget\" data-e-type=\"widget\" data-widget_type=\"heading.default\">\n\t\t\t\t<div class=\"elementor-widget-container\">\n\t\t\t\t\t<h3 class=\"elementor-heading-title elementor-size-default\">Experta gesti\u00f3n del color<\/h3>\t\t\t\t<\/div>\n\t\t\t\t<\/div>\n\t\t\t\t<div class=\"elementor-element elementor-element-c9abd00 elementor-widget elementor-widget-text-editor\" data-id=\"c9abd00\" data-element_type=\"widget\" data-e-type=\"widget\" data-widget_type=\"text-editor.default\">\n\t\t\t\t<div class=\"elementor-widget-container\">\n\t\t\t\t\t\t\t\t\t<p>Entendemos que el color es un elemento crucial de la identidad de tu marca. Sin importar la ubicaci\u00f3n en la cual corramos tu orden tenemos unos est\u00e1ndares de manejo del color incomparable para proteger la continuidad del mismo.<\/p><p>Nuestro Personal dedicado a la gesti\u00f3n del color recolecta la informaci\u00f3n de colores y la prueba continuamente para asegurar su uniformidad en cuanto a tu imagen original y esta se traslada al proyecto de impresi\u00f3n. Esto quiere decir que tendr\u00e1s la similitud exacta en cada producto todo el tiempo.<\/p><p>Nosotros medimos nuestros atributos incluyendo tono, matiz, croma, saturaci\u00f3n, densidad e intensidad para brindar a nuestros clientes la perfecta r\u00e9plica gr\u00e1fica.<\/p>\t\t\t\t\t\t\t\t<\/div>\n\t\t\t\t<\/div>\n\t\t\t\t<\/div>\n\t\t<div class=\"elementor-element elementor-element-638f25f e-con-full e-flex e-con e-parent\" data-id=\"638f25f\" data-element_type=\"container\" data-e-type=\"container\">\n\t\t\t\t<div class=\"elementor-element elementor-element-88fc921 elementor-widget elementor-widget-image\" data-id=\"88fc921\" data-element_type=\"widget\" data-e-type=\"widget\" data-widget_type=\"image.default\">\n\t\t\t\t<div class=\"elementor-widget-container\">\n\t\t\t\t\t\t\t\t\t\t\t\t\t\t\t<img decoding=\"async\" width=\"768\" height=\"512\" src=\"https:\/\/www.rohrer.com\/wp-content\/uploads\/2023\/03\/CE4T0251-768x512-1.webp\" class=\"attachment-large size-large wp-image-16695\" alt=\"\" srcset=\"https:\/\/www.rohrer.com\/wp-content\/uploads\/2023\/03\/CE4T0251-768x512-1.webp 768w, https:\/\/www.rohrer.com\/wp-content\/uploads\/2023\/03\/CE4T0251-768x512-1-300x200.webp 300w\" sizes=\"(max-width: 768px) 100vw, 768px\" \/>\t\t\t\t\t\t\t\t\t\t\t\t\t\t\t<\/div>\n\t\t\t\t<\/div>\n\t\t\t\t<\/div>\n\t\t\t\t\t<\/div>\n\t\t\t\t<\/div>\n\t\t<div class=\"elementor-element elementor-element-8c98f57 e-flex e-con-boxed e-con e-parent\" data-id=\"8c98f57\" data-element_type=\"container\" data-e-type=\"container\">\n\t\t\t\t\t<div class=\"e-con-inner\">\n\t\t<div class=\"elementor-element elementor-element-59a733f e-con-full e-flex e-con e-parent\" data-id=\"59a733f\" data-element_type=\"container\" data-e-type=\"container\">\n\t\t\t\t<div class=\"elementor-element elementor-element-63b34d6 elementor-widget elementor-widget-text-editor\" data-id=\"63b34d6\" data-element_type=\"widget\" data-e-type=\"widget\" data-widget_type=\"text-editor.default\">\n\t\t\t\t<div class=\"elementor-widget-container\">\n\t\t\t\t\t\t\t\t\t<p>Tus archivos art\u00edsticos son convertidos en archivos de impresi\u00f3n y se determina el \u00f3ptimo estilo de impresi\u00f3n.<\/p><p>Puntos de color PMS, proceso de 4 colores y proceso de impresi\u00f3n de 7 colores son utilizados para asegurar la consistencia y esplendor en tu empaque.<\/p>\t\t\t\t\t\t\t\t<\/div>\n\t\t\t\t<\/div>\n\t\t\t\t<\/div>\n\t\t\t\t\t<\/div>\n\t\t\t\t<\/div>\n\t\t<div class=\"elementor-element elementor-element-417f71b e-flex e-con-boxed e-con e-parent\" data-id=\"417f71b\" data-element_type=\"container\" data-e-type=\"container\">\n\t\t\t\t\t<div class=\"e-con-inner\">\n\t\t<div class=\"elementor-element elementor-element-cf1e9a7 e-con-full e-flex e-con e-parent\" data-id=\"cf1e9a7\" data-element_type=\"container\" data-e-type=\"container\">\n\t\t\t\t<div class=\"elementor-element elementor-element-1aa0292 elementor-align-center elementor-widget elementor-widget-button\" data-id=\"1aa0292\" data-element_type=\"widget\" data-e-type=\"widget\" data-widget_type=\"button.default\">\n\t\t\t\t<div class=\"elementor-widget-container\">\n\t\t\t\t\t\t\t\t\t<div class=\"elementor-button-wrapper\">\n\t\t\t\t\t<a class=\"elementor-button elementor-button-link elementor-size-sm\" href=\"\/contact-us\/\">\n\t\t\t\t\t\t<span class=\"elementor-button-content-wrapper\">\n\t\t\t\t\t\t\t\t\t<span class=\"elementor-button-text\">Contactanos<\/span>\n\t\t\t\t\t<\/span>\n\t\t\t\t\t<\/a>\n\t\t\t\t<\/div>\n\t\t\t\t\t\t\t\t<\/div>\n\t\t\t\t<\/div>\n\t\t\t\t<\/div>\n\t\t\t\t\t<\/div>\n\t\t\t\t<\/div>\n\t\t\t\t<\/div>\n\t\t","protected":false},"excerpt":{"rendered":"<p>Impresi\u00f3n y Decorado Impresi\u00f3n Es m\u00e1s que s\u00f3lo tinta y papel. Es una representaci\u00f3n visual de tu marca. Nadie crea la imagen de tu marca, ese \u201clook\u201d, mejor que la corporaci\u00f3n Rohrer, la mejor compa\u00f1\u00eda de termo formado en la industria. 11 prensas de impresi\u00f3n con 75 unidades para impresi\u00f3n\/revestimiento le proveen la m\u00e1s alta [&hellip;]<\/p>\n","protected":false},"author":1,"featured_media":0,"parent":16635,"menu_order":0,"comment_status":"closed","ping_status":"closed","template":"","meta":{"footnotes":""},"class_list":["post-16646","page","type-page","status-publish","hentry"],"yoast_head":"<!-- This site is optimized with the Yoast SEO Premium plugin v26.9 (Yoast SEO v27.2) - https:\/\/yoast.com\/product\/yoast-seo-premium-wordpress\/ -->\n<title>Impresi\u00f3n y Decorado - Rohrer<\/title>\n<meta name=\"robots\" content=\"index, follow, max-snippet:-1, max-image-preview:large, max-video-preview:-1\" \/>\n<link rel=\"canonical\" href=\"https:\/\/www.rohrer.com\/es\/soluciones\/impresion-y-decorado\/\" \/>\n<meta property=\"og:locale\" content=\"es_ES\" \/>\n<meta property=\"og:type\" content=\"article\" \/>\n<meta property=\"og:title\" content=\"Impresi\u00f3n y Decorado\" \/>\n<meta property=\"og:description\" content=\"Impresi\u00f3n y Decorado Impresi\u00f3n Es m\u00e1s que s\u00f3lo tinta y papel. Es una representaci\u00f3n visual de tu marca. Nadie crea la imagen de tu marca, ese \u201clook\u201d, mejor que la corporaci\u00f3n Rohrer, la mejor compa\u00f1\u00eda de termo formado en la industria. 11 prensas de impresi\u00f3n con 75 unidades para impresi\u00f3n\/revestimiento le proveen la m\u00e1s alta [&hellip;]\" \/>\n<meta property=\"og:url\" content=\"https:\/\/www.rohrer.com\/es\/soluciones\/impresion-y-decorado\/\" \/>\n<meta property=\"og:site_name\" content=\"Rohrer\" \/>\n<meta property=\"article:publisher\" content=\"https:\/\/www.facebook.com\/RohrerPackage\/\" \/>\n<meta property=\"article:modified_time\" content=\"2023-03-23T19:31:07+00:00\" \/>\n<meta property=\"og:image\" content=\"https:\/\/www.rohrer.com\/wp-content\/uploads\/2023\/03\/DSF1491-v2-768x514-1.webp\" \/>\n<meta name=\"twitter:card\" content=\"summary_large_image\" \/>\n<meta name=\"twitter:site\" content=\"@RohrerPackaging\" \/>\n<meta name=\"twitter:label1\" content=\"Tiempo de lectura\" \/>\n\t<meta name=\"twitter:data1\" content=\"3 minutos\" \/>\n<script type=\"application\/ld+json\" class=\"yoast-schema-graph\">{\"@context\":\"https:\/\/schema.org\",\"@graph\":[{\"@type\":\"WebPage\",\"@id\":\"https:\/\/www.rohrer.com\/es\/soluciones\/impresion-y-decorado\/\",\"url\":\"https:\/\/www.rohrer.com\/es\/soluciones\/impresion-y-decorado\/\",\"name\":\"Impresi\u00f3n y Decorado - Rohrer\",\"isPartOf\":{\"@id\":\"https:\/\/www.rohrer.com\/es\/#website\"},\"primaryImageOfPage\":{\"@id\":\"https:\/\/www.rohrer.com\/es\/soluciones\/impresion-y-decorado\/#primaryimage\"},\"image\":{\"@id\":\"https:\/\/www.rohrer.com\/es\/soluciones\/impresion-y-decorado\/#primaryimage\"},\"thumbnailUrl\":\"https:\/\/www.rohrer.com\/wp-content\/uploads\/2023\/03\/DSF1491-v2-768x514-1.webp\",\"datePublished\":\"2023-03-10T21:43:41+00:00\",\"dateModified\":\"2023-03-23T19:31:07+00:00\",\"breadcrumb\":{\"@id\":\"https:\/\/www.rohrer.com\/es\/soluciones\/impresion-y-decorado\/#breadcrumb\"},\"inLanguage\":\"es\",\"potentialAction\":[{\"@type\":\"ReadAction\",\"target\":[\"https:\/\/www.rohrer.com\/es\/soluciones\/impresion-y-decorado\/\"]}]},{\"@type\":\"ImageObject\",\"inLanguage\":\"es\",\"@id\":\"https:\/\/www.rohrer.com\/es\/soluciones\/impresion-y-decorado\/#primaryimage\",\"url\":\"https:\/\/www.rohrer.com\/wp-content\/uploads\/2023\/03\/DSF1491-v2-768x514-1.webp\",\"contentUrl\":\"https:\/\/www.rohrer.com\/wp-content\/uploads\/2023\/03\/DSF1491-v2-768x514-1.webp\"},{\"@type\":\"BreadcrumbList\",\"@id\":\"https:\/\/www.rohrer.com\/es\/soluciones\/impresion-y-decorado\/#breadcrumb\",\"itemListElement\":[{\"@type\":\"ListItem\",\"position\":1,\"name\":\"Home\",\"item\":\"https:\/\/www.rohrer.com\/es\/\"},{\"@type\":\"ListItem\",\"position\":2,\"name\":\"Soluciones\",\"item\":\"https:\/\/www.rohrer.com\/es\/soluciones\/\"},{\"@type\":\"ListItem\",\"position\":3,\"name\":\"Impresi\u00f3n y Decorado\"}]},{\"@type\":\"WebSite\",\"@id\":\"https:\/\/www.rohrer.com\/es\/#website\",\"url\":\"https:\/\/www.rohrer.com\/es\/\",\"name\":\"Rohrer Corporation\",\"description\":\"Rohrer believes true partners make the perfect package\",\"publisher\":{\"@id\":\"https:\/\/www.rohrer.com\/es\/#organization\"},\"alternateName\":\"Rohrer\",\"potentialAction\":[{\"@type\":\"SearchAction\",\"target\":{\"@type\":\"EntryPoint\",\"urlTemplate\":\"https:\/\/www.rohrer.com\/es\/?s={search_term_string}\"},\"query-input\":{\"@type\":\"PropertyValueSpecification\",\"valueRequired\":true,\"valueName\":\"search_term_string\"}}],\"inLanguage\":\"es\"},{\"@type\":\"Organization\",\"@id\":\"https:\/\/www.rohrer.com\/es\/#organization\",\"name\":\"Rohrer Corporation\",\"url\":\"https:\/\/www.rohrer.com\/es\/\",\"logo\":{\"@type\":\"ImageObject\",\"inLanguage\":\"es\",\"@id\":\"https:\/\/www.rohrer.com\/es\/#\/schema\/logo\/image\/\",\"url\":\"https:\/\/www.rohrer.com\/wp-content\/uploads\/2023\/03\/cropped-Brand-Mark-2017-Rohrer-Fade-184x31-1.webp\",\"contentUrl\":\"https:\/\/www.rohrer.com\/wp-content\/uploads\/2023\/03\/cropped-Brand-Mark-2017-Rohrer-Fade-184x31-1.webp\",\"width\":184,\"height\":31,\"caption\":\"Rohrer Corporation\"},\"image\":{\"@id\":\"https:\/\/www.rohrer.com\/es\/#\/schema\/logo\/image\/\"},\"sameAs\":[\"https:\/\/www.facebook.com\/RohrerPackage\/\",\"https:\/\/x.com\/RohrerPackaging\"]}]}<\/script>\n<!-- \/ Yoast SEO Premium plugin. -->","yoast_head_json":{"title":"Impresi\u00f3n y Decorado - Rohrer","robots":{"index":"index","follow":"follow","max-snippet":"max-snippet:-1","max-image-preview":"max-image-preview:large","max-video-preview":"max-video-preview:-1"},"canonical":"https:\/\/www.rohrer.com\/es\/soluciones\/impresion-y-decorado\/","og_locale":"es_ES","og_type":"article","og_title":"Impresi\u00f3n y Decorado","og_description":"Impresi\u00f3n y Decorado Impresi\u00f3n Es m\u00e1s que s\u00f3lo tinta y papel. Es una representaci\u00f3n visual de tu marca. Nadie crea la imagen de tu marca, ese \u201clook\u201d, mejor que la corporaci\u00f3n Rohrer, la mejor compa\u00f1\u00eda de termo formado en la industria. 11 prensas de impresi\u00f3n con 75 unidades para impresi\u00f3n\/revestimiento le proveen la m\u00e1s alta [&hellip;]","og_url":"https:\/\/www.rohrer.com\/es\/soluciones\/impresion-y-decorado\/","og_site_name":"Rohrer","article_publisher":"https:\/\/www.facebook.com\/RohrerPackage\/","article_modified_time":"2023-03-23T19:31:07+00:00","og_image":[{"url":"https:\/\/www.rohrer.com\/wp-content\/uploads\/2023\/03\/DSF1491-v2-768x514-1.webp","type":"","width":"","height":""}],"twitter_card":"summary_large_image","twitter_site":"@RohrerPackaging","twitter_misc":{"Tiempo de lectura":"3 minutos"},"schema":{"@context":"https:\/\/schema.org","@graph":[{"@type":"WebPage","@id":"https:\/\/www.rohrer.com\/es\/soluciones\/impresion-y-decorado\/","url":"https:\/\/www.rohrer.com\/es\/soluciones\/impresion-y-decorado\/","name":"Impresi\u00f3n y Decorado - Rohrer","isPartOf":{"@id":"https:\/\/www.rohrer.com\/es\/#website"},"primaryImageOfPage":{"@id":"https:\/\/www.rohrer.com\/es\/soluciones\/impresion-y-decorado\/#primaryimage"},"image":{"@id":"https:\/\/www.rohrer.com\/es\/soluciones\/impresion-y-decorado\/#primaryimage"},"thumbnailUrl":"https:\/\/www.rohrer.com\/wp-content\/uploads\/2023\/03\/DSF1491-v2-768x514-1.webp","datePublished":"2023-03-10T21:43:41+00:00","dateModified":"2023-03-23T19:31:07+00:00","breadcrumb":{"@id":"https:\/\/www.rohrer.com\/es\/soluciones\/impresion-y-decorado\/#breadcrumb"},"inLanguage":"es","potentialAction":[{"@type":"ReadAction","target":["https:\/\/www.rohrer.com\/es\/soluciones\/impresion-y-decorado\/"]}]},{"@type":"ImageObject","inLanguage":"es","@id":"https:\/\/www.rohrer.com\/es\/soluciones\/impresion-y-decorado\/#primaryimage","url":"https:\/\/www.rohrer.com\/wp-content\/uploads\/2023\/03\/DSF1491-v2-768x514-1.webp","contentUrl":"https:\/\/www.rohrer.com\/wp-content\/uploads\/2023\/03\/DSF1491-v2-768x514-1.webp"},{"@type":"BreadcrumbList","@id":"https:\/\/www.rohrer.com\/es\/soluciones\/impresion-y-decorado\/#breadcrumb","itemListElement":[{"@type":"ListItem","position":1,"name":"Home","item":"https:\/\/www.rohrer.com\/es\/"},{"@type":"ListItem","position":2,"name":"Soluciones","item":"https:\/\/www.rohrer.com\/es\/soluciones\/"},{"@type":"ListItem","position":3,"name":"Impresi\u00f3n y Decorado"}]},{"@type":"WebSite","@id":"https:\/\/www.rohrer.com\/es\/#website","url":"https:\/\/www.rohrer.com\/es\/","name":"Rohrer Corporation","description":"Rohrer believes true partners make the perfect package","publisher":{"@id":"https:\/\/www.rohrer.com\/es\/#organization"},"alternateName":"Rohrer","potentialAction":[{"@type":"SearchAction","target":{"@type":"EntryPoint","urlTemplate":"https:\/\/www.rohrer.com\/es\/?s={search_term_string}"},"query-input":{"@type":"PropertyValueSpecification","valueRequired":true,"valueName":"search_term_string"}}],"inLanguage":"es"},{"@type":"Organization","@id":"https:\/\/www.rohrer.com\/es\/#organization","name":"Rohrer Corporation","url":"https:\/\/www.rohrer.com\/es\/","logo":{"@type":"ImageObject","inLanguage":"es","@id":"https:\/\/www.rohrer.com\/es\/#\/schema\/logo\/image\/","url":"https:\/\/www.rohrer.com\/wp-content\/uploads\/2023\/03\/cropped-Brand-Mark-2017-Rohrer-Fade-184x31-1.webp","contentUrl":"https:\/\/www.rohrer.com\/wp-content\/uploads\/2023\/03\/cropped-Brand-Mark-2017-Rohrer-Fade-184x31-1.webp","width":184,"height":31,"caption":"Rohrer Corporation"},"image":{"@id":"https:\/\/www.rohrer.com\/es\/#\/schema\/logo\/image\/"},"sameAs":["https:\/\/www.facebook.com\/RohrerPackage\/","https:\/\/x.com\/RohrerPackaging"]}]}},"_links":{"self":[{"href":"https:\/\/www.rohrer.com\/es\/wp-json\/wp\/v2\/pages\/16646","targetHints":{"allow":["GET"]}}],"collection":[{"href":"https:\/\/www.rohrer.com\/es\/wp-json\/wp\/v2\/pages"}],"about":[{"href":"https:\/\/www.rohrer.com\/es\/wp-json\/wp\/v2\/types\/page"}],"author":[{"embeddable":true,"href":"https:\/\/www.rohrer.com\/es\/wp-json\/wp\/v2\/users\/1"}],"replies":[{"embeddable":true,"href":"https:\/\/www.rohrer.com\/es\/wp-json\/wp\/v2\/comments?post=16646"}],"version-history":[{"count":11,"href":"https:\/\/www.rohrer.com\/es\/wp-json\/wp\/v2\/pages\/16646\/revisions"}],"predecessor-version":[{"id":16701,"href":"https:\/\/www.rohrer.com\/es\/wp-json\/wp\/v2\/pages\/16646\/revisions\/16701"}],"up":[{"embeddable":true,"href":"https:\/\/www.rohrer.com\/es\/wp-json\/wp\/v2\/pages\/16635"}],"wp:attachment":[{"href":"https:\/\/www.rohrer.com\/es\/wp-json\/wp\/v2\/media?parent=16646"}],"curies":[{"name":"wp","href":"https:\/\/api.w.org\/{rel}","templated":true}]}}